{"id":111047,"date":"2026-01-07T21:38:36","date_gmt":"2026-01-08T02:38:36","guid":{"rendered":"https:\/\/chezheliophilia.ca\/?post_type=product&#038;p=111047"},"modified":"2026-03-01T00:57:57","modified_gmt":"2026-03-01T05:57:57","slug":"sansevieria-dore-golden","status":"publish","type":"product","link":"https:\/\/chezheliophilia.ca\/en\/produits\/sansevieria-dore-golden\/","title":{"rendered":"SANSEVIERIA DOR\u00c9 &#8211; GOLDEN"},"content":{"rendered":"<div class=\"et_pb_section_0 et_pb_section et_section_regular et_block_section preset--module--divi-section--1f162bb9-5f04-46cc-bb98-24bd1f9436de\"><div class=\"et_pb_row_0 et_pb_row et_block_row\"><div class=\"et_pb_column_0 et_pb_column et_pb_column_4_4 et-last-child et_block_column et_pb_css_mix_blend_mode_passthrough\"><div class=\"et_pb_wc_cart_notice_0 et_pb_wc_cart_notice et_pb_fields_layout_default et_pb_module\"><div class=\"et_pb_module_inner\">\n\t<div class=\"woocommerce-message\" role=\"alert\">\n\t\t&ldquo;Product Name&rdquo; has been added to cart.\t<\/div>\n<\/div><\/div><\/div><\/div><div class=\"et_pb_row_1 et_pb_row et_block_row\"><div class=\"et_pb_column_1 et_pb_column et_pb_column_1_2 et_block_column et_pb_css_mix_blend_mode_passthrough\"><div class=\"et_pb_wc_images_0 et_pb_wc_images et_pb_module\"><div class=\"et_pb_module_inner\"><\/div><\/div><\/div><div class=\"et_pb_column_2 et_pb_column et_pb_column_1_2 et-last-child et_block_column et_pb_css_mix_blend_mode_passthrough\"><div class=\"et_pb_wc_title_0 et_pb_wc_title et_pb_bg_layout_light et_pb_module\"><div class=\"et_pb_module_inner\">\n\t\t<h1>SANSEVIERIA DOR\u00c9 &#8211; GOLDEN<\/h1><\/div><\/div><\/div><\/div><div class=\"et_pb_row_2 et_pb_row et_block_row\"><div class=\"et_pb_column_3 et_pb_column et_pb_column_3_5 et_block_column et_pb_css_mix_blend_mode_passthrough\"><\/div><div class=\"et_pb_column_4 et_pb_column et_pb_column_2_5 et-last-child et_block_column et_pb_css_mix_blend_mode_passthrough\"><\/div><\/div><\/div>","protected":false},"excerpt":{"rendered":"<p>La Sansevieria Dor\u00e9 Golden se distingue par ses feuilles \u00e9lanc\u00e9es vert fonc\u00e9 bord\u00e9es de jaune dor\u00e9, apportant une touche moderne et lumineuse \u00e0 tout int\u00e9rieur.<\/p>","protected":false},"featured_media":111048,"template":"","meta":[],"product_brand":[],"product_cat":[27],"product_tag":[],"class_list":{"0":"post-111047","1":"product","2":"type-product","3":"status-publish","4":"has-post-thumbnail","6":"product_cat-plantes","7":"product_shipping_class-petit","9":"first","10":"instock","11":"taxable","12":"shipping-taxable","13":"purchasable","14":"product-type-simple"},"yoast_head":"<!-- This site is optimized with the Yoast SEO plugin v27.3 - https:\/\/yoast.com\/product\/yoast-seo-wordpress\/ -->\n<title>SANSEVIERIA DOR\u00c9 - GOLDEN - H\u00e9liophilia<\/title>\n<meta name=\"description\" content=\"La Sansevieria Dor\u00e9 Golden se distingue par ses feuilles \u00e9lanc\u00e9es vert fonc\u00e9 bord\u00e9es de jaune dor\u00e9, apportant une touche moderne et lumineuse \u00e0 tout int\u00e9rieur.\" \/>\n<meta name=\"robots\" content=\"index, follow, max-snippet:-1, max-image-preview:large, max-video-preview:-1\" \/>\n<link rel=\"canonical\" href=\"https:\/\/chezheliophilia.ca\/en\/produits\/sansevieria-dore-golden\/\" \/>\n<meta property=\"og:locale\" content=\"en_US\" \/>\n<meta property=\"og:type\" content=\"article\" \/>\n<meta property=\"og:title\" content=\"SANSEVIERIA DOR\u00c9 - GOLDEN - H\u00e9liophilia\" \/>\n<meta property=\"og:description\" content=\"La Sansevieria Dor\u00e9 Golden se distingue par ses feuilles \u00e9lanc\u00e9es vert fonc\u00e9 bord\u00e9es de jaune dor\u00e9, apportant une touche moderne et lumineuse \u00e0 tout int\u00e9rieur.\" \/>\n<meta property=\"og:url\" content=\"https:\/\/chezheliophilia.ca\/en\/produits\/sansevieria-dore-golden\/\" \/>\n<meta property=\"og:site_name\" content=\"H\u00e9liophilia\" \/>\n<meta property=\"article:modified_time\" content=\"2026-03-01T05:57:57+00:00\" \/>\n<meta property=\"og:image\" content=\"https:\/\/chezheliophilia.ca\/wp-content\/uploads\/2026\/01\/IMG_3340-scaled.jpeg\" \/>\n\t<meta property=\"og:image:width\" content=\"1920\" \/>\n\t<meta property=\"og:image:height\" content=\"2560\" \/>\n\t<meta property=\"og:image:type\" content=\"image\/jpeg\" \/>\n<meta name=\"twitter:card\" content=\"summary_large_image\" \/>\n<meta name=\"twitter:label1\" content=\"Est. reading time\" \/>\n\t<meta name=\"twitter:data1\" content=\"2 minutes\" \/>\n<script type=\"application\/ld+json\" class=\"yoast-schema-graph\">{\"@context\":\"https:\\\/\\\/schema.org\",\"@graph\":[{\"@type\":\"WebPage\",\"@id\":\"https:\\\/\\\/chezheliophilia.ca\\\/produits\\\/sansevieria-dore-golden\\\/\",\"url\":\"https:\\\/\\\/chezheliophilia.ca\\\/produits\\\/sansevieria-dore-golden\\\/\",\"name\":\"SANSEVIERIA DOR\u00c9 - GOLDEN - H\u00e9liophilia\",\"isPartOf\":{\"@id\":\"https:\\\/\\\/chezheliophilia.ca\\\/#website\"},\"primaryImageOfPage\":{\"@id\":\"https:\\\/\\\/chezheliophilia.ca\\\/produits\\\/sansevieria-dore-golden\\\/#primaryimage\"},\"image\":{\"@id\":\"https:\\\/\\\/chezheliophilia.ca\\\/produits\\\/sansevieria-dore-golden\\\/#primaryimage\"},\"thumbnailUrl\":\"https:\\\/\\\/chezheliophilia.ca\\\/wp-content\\\/uploads\\\/2026\\\/01\\\/IMG_3340-scaled.jpeg\",\"datePublished\":\"2026-01-08T02:38:36+00:00\",\"dateModified\":\"2026-03-01T05:57:57+00:00\",\"description\":\"La Sansevieria Dor\u00e9 Golden se distingue par ses feuilles \u00e9lanc\u00e9es vert fonc\u00e9 bord\u00e9es de jaune dor\u00e9, apportant une touche moderne et lumineuse \u00e0 tout int\u00e9rieur.\",\"breadcrumb\":{\"@id\":\"https:\\\/\\\/chezheliophilia.ca\\\/produits\\\/sansevieria-dore-golden\\\/#breadcrumb\"},\"inLanguage\":\"en-CA\",\"potentialAction\":[{\"@type\":\"ReadAction\",\"target\":[\"https:\\\/\\\/chezheliophilia.ca\\\/produits\\\/sansevieria-dore-golden\\\/\"]}]},{\"@type\":\"ImageObject\",\"inLanguage\":\"en-CA\",\"@id\":\"https:\\\/\\\/chezheliophilia.ca\\\/produits\\\/sansevieria-dore-golden\\\/#primaryimage\",\"url\":\"https:\\\/\\\/chezheliophilia.ca\\\/wp-content\\\/uploads\\\/2026\\\/01\\\/IMG_3340-scaled.jpeg\",\"contentUrl\":\"https:\\\/\\\/chezheliophilia.ca\\\/wp-content\\\/uploads\\\/2026\\\/01\\\/IMG_3340-scaled.jpeg\",\"width\":1920,\"height\":2560},{\"@type\":\"BreadcrumbList\",\"@id\":\"https:\\\/\\\/chezheliophilia.ca\\\/produits\\\/sansevieria-dore-golden\\\/#breadcrumb\",\"itemListElement\":[{\"@type\":\"ListItem\",\"position\":1,\"name\":\"Home\",\"item\":\"https:\\\/\\\/chezheliophilia.ca\\\/\"},{\"@type\":\"ListItem\",\"position\":2,\"name\":\"Boutique\",\"item\":\"https:\\\/\\\/chezheliophilia.ca\\\/boutique\\\/\"},{\"@type\":\"ListItem\",\"position\":3,\"name\":\"SANSEVIERIA DOR\u00c9 &#8211; GOLDEN\"}]},{\"@type\":\"WebSite\",\"@id\":\"https:\\\/\\\/chezheliophilia.ca\\\/#website\",\"url\":\"https:\\\/\\\/chezheliophilia.ca\\\/\",\"name\":\"H\u00e9liophilia\",\"description\":\"La nature entre quatre murs, sans compromis!\",\"potentialAction\":[{\"@type\":\"SearchAction\",\"target\":{\"@type\":\"EntryPoint\",\"urlTemplate\":\"https:\\\/\\\/chezheliophilia.ca\\\/?s={search_term_string}\"},\"query-input\":{\"@type\":\"PropertyValueSpecification\",\"valueRequired\":true,\"valueName\":\"search_term_string\"}}],\"inLanguage\":\"en-CA\"}]}<\/script>\n<!-- \/ Yoast SEO plugin. -->","yoast_head_json":{"title":"SANSEVIERIA DOR\u00c9 - GOLDEN - H\u00e9liophilia","description":"La Sansevieria Dor\u00e9 Golden se distingue par ses feuilles \u00e9lanc\u00e9es vert fonc\u00e9 bord\u00e9es de jaune dor\u00e9, apportant une touche moderne et lumineuse \u00e0 tout int\u00e9rieur.","robots":{"index":"index","follow":"follow","max-snippet":"max-snippet:-1","max-image-preview":"max-image-preview:large","max-video-preview":"max-video-preview:-1"},"canonical":"https:\/\/chezheliophilia.ca\/en\/produits\/sansevieria-dore-golden\/","og_locale":"en_US","og_type":"article","og_title":"SANSEVIERIA DOR\u00c9 - GOLDEN - H\u00e9liophilia","og_description":"La Sansevieria Dor\u00e9 Golden se distingue par ses feuilles \u00e9lanc\u00e9es vert fonc\u00e9 bord\u00e9es de jaune dor\u00e9, apportant une touche moderne et lumineuse \u00e0 tout int\u00e9rieur.","og_url":"https:\/\/chezheliophilia.ca\/en\/produits\/sansevieria-dore-golden\/","og_site_name":"H\u00e9liophilia","article_modified_time":"2026-03-01T05:57:57+00:00","og_image":[{"width":1920,"height":2560,"url":"https:\/\/chezheliophilia.ca\/wp-content\/uploads\/2026\/01\/IMG_3340-scaled.jpeg","type":"image\/jpeg"}],"twitter_card":"summary_large_image","twitter_misc":{"Est. reading time":"2 minutes"},"schema":{"@context":"https:\/\/schema.org","@graph":[{"@type":"WebPage","@id":"https:\/\/chezheliophilia.ca\/produits\/sansevieria-dore-golden\/","url":"https:\/\/chezheliophilia.ca\/produits\/sansevieria-dore-golden\/","name":"SANSEVIERIA DOR\u00c9 - GOLDEN - H\u00e9liophilia","isPartOf":{"@id":"https:\/\/chezheliophilia.ca\/#website"},"primaryImageOfPage":{"@id":"https:\/\/chezheliophilia.ca\/produits\/sansevieria-dore-golden\/#primaryimage"},"image":{"@id":"https:\/\/chezheliophilia.ca\/produits\/sansevieria-dore-golden\/#primaryimage"},"thumbnailUrl":"https:\/\/chezheliophilia.ca\/wp-content\/uploads\/2026\/01\/IMG_3340-scaled.jpeg","datePublished":"2026-01-08T02:38:36+00:00","dateModified":"2026-03-01T05:57:57+00:00","description":"La Sansevieria Dor\u00e9 Golden se distingue par ses feuilles \u00e9lanc\u00e9es vert fonc\u00e9 bord\u00e9es de jaune dor\u00e9, apportant une touche moderne et lumineuse \u00e0 tout int\u00e9rieur.","breadcrumb":{"@id":"https:\/\/chezheliophilia.ca\/produits\/sansevieria-dore-golden\/#breadcrumb"},"inLanguage":"en-CA","potentialAction":[{"@type":"ReadAction","target":["https:\/\/chezheliophilia.ca\/produits\/sansevieria-dore-golden\/"]}]},{"@type":"ImageObject","inLanguage":"en-CA","@id":"https:\/\/chezheliophilia.ca\/produits\/sansevieria-dore-golden\/#primaryimage","url":"https:\/\/chezheliophilia.ca\/wp-content\/uploads\/2026\/01\/IMG_3340-scaled.jpeg","contentUrl":"https:\/\/chezheliophilia.ca\/wp-content\/uploads\/2026\/01\/IMG_3340-scaled.jpeg","width":1920,"height":2560},{"@type":"BreadcrumbList","@id":"https:\/\/chezheliophilia.ca\/produits\/sansevieria-dore-golden\/#breadcrumb","itemListElement":[{"@type":"ListItem","position":1,"name":"Home","item":"https:\/\/chezheliophilia.ca\/"},{"@type":"ListItem","position":2,"name":"Boutique","item":"https:\/\/chezheliophilia.ca\/boutique\/"},{"@type":"ListItem","position":3,"name":"SANSEVIERIA DOR\u00c9 &#8211; GOLDEN"}]},{"@type":"WebSite","@id":"https:\/\/chezheliophilia.ca\/#website","url":"https:\/\/chezheliophilia.ca\/","name":"H\u00e9liophilia","description":"La nature entre quatre murs, sans compromis!","potentialAction":[{"@type":"SearchAction","target":{"@type":"EntryPoint","urlTemplate":"https:\/\/chezheliophilia.ca\/?s={search_term_string}"},"query-input":{"@type":"PropertyValueSpecification","valueRequired":true,"valueName":"search_term_string"}}],"inLanguage":"en-CA"}]}},"_links":{"self":[{"href":"https:\/\/chezheliophilia.ca\/en\/wp-json\/wp\/v2\/product\/111047","targetHints":{"allow":["GET"]}}],"collection":[{"href":"https:\/\/chezheliophilia.ca\/en\/wp-json\/wp\/v2\/product"}],"about":[{"href":"https:\/\/chezheliophilia.ca\/en\/wp-json\/wp\/v2\/types\/product"}],"wp:featuredmedia":[{"embeddable":true,"href":"https:\/\/chezheliophilia.ca\/en\/wp-json\/wp\/v2\/media\/111048"}],"wp:attachment":[{"href":"https:\/\/chezheliophilia.ca\/en\/wp-json\/wp\/v2\/media?parent=111047"}],"wp:term":[{"taxonomy":"product_brand","embeddable":true,"href":"https:\/\/chezheliophilia.ca\/en\/wp-json\/wp\/v2\/product_brand?post=111047"},{"taxonomy":"product_cat","embeddable":true,"href":"https:\/\/chezheliophilia.ca\/en\/wp-json\/wp\/v2\/product_cat?post=111047"},{"taxonomy":"product_tag","embeddable":true,"href":"https:\/\/chezheliophilia.ca\/en\/wp-json\/wp\/v2\/product_tag?post=111047"}],"curies":[{"name":"wp","href":"https:\/\/api.w.org\/{rel}","templated":true}]}}