{"id":110948,"date":"2025-11-30T15:17:40","date_gmt":"2025-11-30T20:17:40","guid":{"rendered":"https:\/\/chezheliophilia.ca\/produits\/gift-card\/"},"modified":"2026-03-01T00:57:52","modified_gmt":"2026-03-01T05:57:52","slug":"carte-cadeau","status":"publish","type":"product","link":"https:\/\/chezheliophilia.ca\/en\/produits\/carte-cadeau\/","title":{"rendered":"Carte-cadeau"},"content":{"rendered":"<div class=\"et_pb_section_0 et_pb_section et_section_regular et_block_section preset--module--divi-section--1f162bb9-5f04-46cc-bb98-24bd1f9436de\"><div class=\"et_pb_row_0 et_pb_row et_block_row\"><div class=\"et_pb_column_0 et_pb_column et_pb_column_4_4 et-last-child et_block_column et_pb_css_mix_blend_mode_passthrough\"><div class=\"et_pb_wc_cart_notice_0 et_pb_wc_cart_notice et_pb_fields_layout_default et_pb_module\"><div class=\"et_pb_module_inner\">\n\t<div class=\"woocommerce-message\" role=\"alert\">\n\t\t&ldquo;Product Name&rdquo; has been added to cart.\t<\/div>\n<\/div><\/div><\/div><\/div><div class=\"et_pb_row_1 et_pb_row et_block_row\"><div class=\"et_pb_column_1 et_pb_column et_pb_column_1_2 et_block_column et_pb_css_mix_blend_mode_passthrough\"><div class=\"et_pb_wc_images_0 et_pb_wc_images et_pb_module\"><div class=\"et_pb_module_inner\"><\/div><\/div><\/div><div class=\"et_pb_column_2 et_pb_column et_pb_column_1_2 et-last-child et_block_column et_pb_css_mix_blend_mode_passthrough\"><div class=\"et_pb_wc_title_0 et_pb_wc_title et_pb_bg_layout_light et_pb_module\"><div class=\"et_pb_module_inner\">\n\t\t<h1>Carte-cadeau<\/h1><\/div><\/div><\/div><\/div><div class=\"et_pb_row_2 et_pb_row et_block_row\"><div class=\"et_pb_column_3 et_pb_column et_pb_column_4_4 et-last-child et_block_column et_pb_css_mix_blend_mode_passthrough\"><\/div><\/div><\/div>","protected":false},"excerpt":{"rendered":"<p>Offrez le cadeau parfait : une carte cadeau H\u00e9liophilia, id\u00e9ale pour tous les amoureux des plantes. Simple, flexible et toujours appr\u00e9ci\u00e9e.<\/p>","protected":false},"featured_media":111007,"template":"","meta":[],"product_brand":[],"product_cat":[22],"product_tag":[],"class_list":{"0":"post-110948","1":"product","2":"type-product","3":"status-publish","4":"has-post-thumbnail","6":"product_cat-carte-cadeau","8":"first","9":"instock","10":"purchasable","11":"product-type-pw-gift-card"},"yoast_head":"<!-- This site is optimized with the Yoast SEO plugin v27.3 - https:\/\/yoast.com\/product\/yoast-seo-wordpress\/ -->\n<title>Carte-cadeau - H\u00e9liophilia<\/title>\n<meta name=\"description\" content=\"Offrez le cadeau parfait : une carte cadeau H\u00e9liophilia, id\u00e9ale pour tous les amoureux des plantes. Simple, flexible et toujours appr\u00e9ci\u00e9e.\" \/>\n<meta name=\"robots\" content=\"index, follow, max-snippet:-1, max-image-preview:large, max-video-preview:-1\" \/>\n<link rel=\"canonical\" href=\"https:\/\/chezheliophilia.ca\/en\/produits\/carte-cadeau\/\" \/>\n<meta property=\"og:locale\" content=\"en_US\" \/>\n<meta property=\"og:type\" content=\"article\" \/>\n<meta property=\"og:title\" content=\"Carte-cadeau - H\u00e9liophilia\" \/>\n<meta property=\"og:description\" content=\"Offrez le cadeau parfait : une carte cadeau H\u00e9liophilia, id\u00e9ale pour tous les amoureux des plantes. Simple, flexible et toujours appr\u00e9ci\u00e9e.\" \/>\n<meta property=\"og:url\" content=\"https:\/\/chezheliophilia.ca\/en\/produits\/carte-cadeau\/\" \/>\n<meta property=\"og:site_name\" content=\"H\u00e9liophilia\" \/>\n<meta property=\"article:modified_time\" content=\"2026-03-01T05:57:52+00:00\" \/>\n<meta property=\"og:image\" content=\"https:\/\/chezheliophilia.ca\/wp-content\/uploads\/2025\/11\/Boutique-He\u0301liophilia.png\" \/>\n\t<meta property=\"og:image:width\" content=\"1650\" \/>\n\t<meta property=\"og:image:height\" content=\"1275\" \/>\n\t<meta property=\"og:image:type\" content=\"image\/png\" \/>\n<meta name=\"twitter:card\" content=\"summary_large_image\" \/>\n<meta name=\"twitter:label1\" content=\"Est. reading time\" \/>\n\t<meta name=\"twitter:data1\" content=\"2 minutes\" \/>\n<script type=\"application\/ld+json\" class=\"yoast-schema-graph\">{\"@context\":\"https:\\\/\\\/schema.org\",\"@graph\":[{\"@type\":\"WebPage\",\"@id\":\"https:\\\/\\\/chezheliophilia.ca\\\/produits\\\/carte-cadeau\\\/\",\"url\":\"https:\\\/\\\/chezheliophilia.ca\\\/produits\\\/carte-cadeau\\\/\",\"name\":\"Carte-cadeau - H\u00e9liophilia\",\"isPartOf\":{\"@id\":\"https:\\\/\\\/chezheliophilia.ca\\\/#website\"},\"primaryImageOfPage\":{\"@id\":\"https:\\\/\\\/chezheliophilia.ca\\\/produits\\\/carte-cadeau\\\/#primaryimage\"},\"image\":{\"@id\":\"https:\\\/\\\/chezheliophilia.ca\\\/produits\\\/carte-cadeau\\\/#primaryimage\"},\"thumbnailUrl\":\"https:\\\/\\\/chezheliophilia.ca\\\/wp-content\\\/uploads\\\/2025\\\/11\\\/Boutique-He\u0301liophilia.png\",\"datePublished\":\"2025-11-30T20:17:40+00:00\",\"dateModified\":\"2026-03-01T05:57:52+00:00\",\"description\":\"Offrez le cadeau parfait : une carte cadeau H\u00e9liophilia, id\u00e9ale pour tous les amoureux des plantes. Simple, flexible et toujours appr\u00e9ci\u00e9e.\",\"breadcrumb\":{\"@id\":\"https:\\\/\\\/chezheliophilia.ca\\\/produits\\\/carte-cadeau\\\/#breadcrumb\"},\"inLanguage\":\"en-CA\",\"potentialAction\":[{\"@type\":\"ReadAction\",\"target\":[\"https:\\\/\\\/chezheliophilia.ca\\\/produits\\\/carte-cadeau\\\/\"]}]},{\"@type\":\"ImageObject\",\"inLanguage\":\"en-CA\",\"@id\":\"https:\\\/\\\/chezheliophilia.ca\\\/produits\\\/carte-cadeau\\\/#primaryimage\",\"url\":\"https:\\\/\\\/chezheliophilia.ca\\\/wp-content\\\/uploads\\\/2025\\\/11\\\/Boutique-He\u0301liophilia.png\",\"contentUrl\":\"https:\\\/\\\/chezheliophilia.ca\\\/wp-content\\\/uploads\\\/2025\\\/11\\\/Boutique-He\u0301liophilia.png\",\"width\":1650,\"height\":1275},{\"@type\":\"BreadcrumbList\",\"@id\":\"https:\\\/\\\/chezheliophilia.ca\\\/produits\\\/carte-cadeau\\\/#breadcrumb\",\"itemListElement\":[{\"@type\":\"ListItem\",\"position\":1,\"name\":\"Home\",\"item\":\"https:\\\/\\\/chezheliophilia.ca\\\/\"},{\"@type\":\"ListItem\",\"position\":2,\"name\":\"Boutique\",\"item\":\"https:\\\/\\\/chezheliophilia.ca\\\/boutique\\\/\"},{\"@type\":\"ListItem\",\"position\":3,\"name\":\"Carte-cadeau\"}]},{\"@type\":\"WebSite\",\"@id\":\"https:\\\/\\\/chezheliophilia.ca\\\/#website\",\"url\":\"https:\\\/\\\/chezheliophilia.ca\\\/\",\"name\":\"H\u00e9liophilia\",\"description\":\"La nature entre quatre murs, sans compromis!\",\"potentialAction\":[{\"@type\":\"SearchAction\",\"target\":{\"@type\":\"EntryPoint\",\"urlTemplate\":\"https:\\\/\\\/chezheliophilia.ca\\\/?s={search_term_string}\"},\"query-input\":{\"@type\":\"PropertyValueSpecification\",\"valueRequired\":true,\"valueName\":\"search_term_string\"}}],\"inLanguage\":\"en-CA\"}]}<\/script>\n<!-- \/ Yoast SEO plugin. -->","yoast_head_json":{"title":"Carte-cadeau - H\u00e9liophilia","description":"Offrez le cadeau parfait : une carte cadeau H\u00e9liophilia, id\u00e9ale pour tous les amoureux des plantes. Simple, flexible et toujours appr\u00e9ci\u00e9e.","robots":{"index":"index","follow":"follow","max-snippet":"max-snippet:-1","max-image-preview":"max-image-preview:large","max-video-preview":"max-video-preview:-1"},"canonical":"https:\/\/chezheliophilia.ca\/en\/produits\/carte-cadeau\/","og_locale":"en_US","og_type":"article","og_title":"Carte-cadeau - H\u00e9liophilia","og_description":"Offrez le cadeau parfait : une carte cadeau H\u00e9liophilia, id\u00e9ale pour tous les amoureux des plantes. Simple, flexible et toujours appr\u00e9ci\u00e9e.","og_url":"https:\/\/chezheliophilia.ca\/en\/produits\/carte-cadeau\/","og_site_name":"H\u00e9liophilia","article_modified_time":"2026-03-01T05:57:52+00:00","og_image":[{"width":1650,"height":1275,"url":"https:\/\/chezheliophilia.ca\/wp-content\/uploads\/2025\/11\/Boutique-He\u0301liophilia.png","type":"image\/png"}],"twitter_card":"summary_large_image","twitter_misc":{"Est. reading time":"2 minutes"},"schema":{"@context":"https:\/\/schema.org","@graph":[{"@type":"WebPage","@id":"https:\/\/chezheliophilia.ca\/produits\/carte-cadeau\/","url":"https:\/\/chezheliophilia.ca\/produits\/carte-cadeau\/","name":"Carte-cadeau - H\u00e9liophilia","isPartOf":{"@id":"https:\/\/chezheliophilia.ca\/#website"},"primaryImageOfPage":{"@id":"https:\/\/chezheliophilia.ca\/produits\/carte-cadeau\/#primaryimage"},"image":{"@id":"https:\/\/chezheliophilia.ca\/produits\/carte-cadeau\/#primaryimage"},"thumbnailUrl":"https:\/\/chezheliophilia.ca\/wp-content\/uploads\/2025\/11\/Boutique-He\u0301liophilia.png","datePublished":"2025-11-30T20:17:40+00:00","dateModified":"2026-03-01T05:57:52+00:00","description":"Offrez le cadeau parfait : une carte cadeau H\u00e9liophilia, id\u00e9ale pour tous les amoureux des plantes. Simple, flexible et toujours appr\u00e9ci\u00e9e.","breadcrumb":{"@id":"https:\/\/chezheliophilia.ca\/produits\/carte-cadeau\/#breadcrumb"},"inLanguage":"en-CA","potentialAction":[{"@type":"ReadAction","target":["https:\/\/chezheliophilia.ca\/produits\/carte-cadeau\/"]}]},{"@type":"ImageObject","inLanguage":"en-CA","@id":"https:\/\/chezheliophilia.ca\/produits\/carte-cadeau\/#primaryimage","url":"https:\/\/chezheliophilia.ca\/wp-content\/uploads\/2025\/11\/Boutique-He\u0301liophilia.png","contentUrl":"https:\/\/chezheliophilia.ca\/wp-content\/uploads\/2025\/11\/Boutique-He\u0301liophilia.png","width":1650,"height":1275},{"@type":"BreadcrumbList","@id":"https:\/\/chezheliophilia.ca\/produits\/carte-cadeau\/#breadcrumb","itemListElement":[{"@type":"ListItem","position":1,"name":"Home","item":"https:\/\/chezheliophilia.ca\/"},{"@type":"ListItem","position":2,"name":"Boutique","item":"https:\/\/chezheliophilia.ca\/boutique\/"},{"@type":"ListItem","position":3,"name":"Carte-cadeau"}]},{"@type":"WebSite","@id":"https:\/\/chezheliophilia.ca\/#website","url":"https:\/\/chezheliophilia.ca\/","name":"H\u00e9liophilia","description":"La nature entre quatre murs, sans compromis!","potentialAction":[{"@type":"SearchAction","target":{"@type":"EntryPoint","urlTemplate":"https:\/\/chezheliophilia.ca\/?s={search_term_string}"},"query-input":{"@type":"PropertyValueSpecification","valueRequired":true,"valueName":"search_term_string"}}],"inLanguage":"en-CA"}]}},"_links":{"self":[{"href":"https:\/\/chezheliophilia.ca\/en\/wp-json\/wp\/v2\/product\/110948","targetHints":{"allow":["GET"]}}],"collection":[{"href":"https:\/\/chezheliophilia.ca\/en\/wp-json\/wp\/v2\/product"}],"about":[{"href":"https:\/\/chezheliophilia.ca\/en\/wp-json\/wp\/v2\/types\/product"}],"wp:featuredmedia":[{"embeddable":true,"href":"https:\/\/chezheliophilia.ca\/en\/wp-json\/wp\/v2\/media\/111007"}],"wp:attachment":[{"href":"https:\/\/chezheliophilia.ca\/en\/wp-json\/wp\/v2\/media?parent=110948"}],"wp:term":[{"taxonomy":"product_brand","embeddable":true,"href":"https:\/\/chezheliophilia.ca\/en\/wp-json\/wp\/v2\/product_brand?post=110948"},{"taxonomy":"product_cat","embeddable":true,"href":"https:\/\/chezheliophilia.ca\/en\/wp-json\/wp\/v2\/product_cat?post=110948"},{"taxonomy":"product_tag","embeddable":true,"href":"https:\/\/chezheliophilia.ca\/en\/wp-json\/wp\/v2\/product_tag?post=110948"}],"curies":[{"name":"wp","href":"https:\/\/api.w.org\/{rel}","templated":true}]}}