{"id":110731,"date":"2025-09-22T20:14:55","date_gmt":"2025-09-23T00:14:55","guid":{"rendered":"https:\/\/chezheliophilia.ca\/?post_type=product&#038;p=110731"},"modified":"2026-03-01T00:57:35","modified_gmt":"2026-03-01T05:57:35","slug":"maranta-lemon-lime","status":"publish","type":"product","link":"https:\/\/chezheliophilia.ca\/en\/produits\/maranta-lemon-lime\/","title":{"rendered":"MARANTA LEMON LIME"},"content":{"rendered":"<div class=\"et_pb_section_0 et_pb_section et_section_regular et_block_section preset--module--divi-section--1f162bb9-5f04-46cc-bb98-24bd1f9436de\"><div class=\"et_pb_row_0 et_pb_row et_block_row\"><div class=\"et_pb_column_0 et_pb_column et_pb_column_4_4 et-last-child et_block_column et_pb_css_mix_blend_mode_passthrough\"><div class=\"et_pb_wc_cart_notice_0 et_pb_wc_cart_notice et_pb_fields_layout_default et_pb_module\"><div class=\"et_pb_module_inner\">\n\t<div class=\"woocommerce-message\" role=\"alert\">\n\t\t&ldquo;Product Name&rdquo; has been added to cart.\t<\/div>\n<\/div><\/div><\/div><\/div><div class=\"et_pb_row_1 et_pb_row et_block_row\"><div class=\"et_pb_column_1 et_pb_column et_pb_column_1_2 et_block_column et_pb_css_mix_blend_mode_passthrough\"><div class=\"et_pb_wc_images_0 et_pb_wc_images et_pb_module\"><div class=\"et_pb_module_inner\"><\/div><\/div><\/div><div class=\"et_pb_column_2 et_pb_column et_pb_column_1_2 et-last-child et_block_column et_pb_css_mix_blend_mode_passthrough\"><div class=\"et_pb_wc_title_0 et_pb_wc_title et_pb_bg_layout_light et_pb_module\"><div class=\"et_pb_module_inner\">\n\t\t<h1>MARANTA LEMON LIME<\/h1><\/div><\/div><\/div><\/div><div class=\"et_pb_row_2 et_pb_row et_block_row\"><div class=\"et_pb_column_3 et_pb_column et_pb_column_3_5 et_block_column et_pb_css_mix_blend_mode_passthrough\"><\/div><div class=\"et_pb_column_4 et_pb_column et_pb_column_2_5 et-last-child et_block_column et_pb_css_mix_blend_mode_passthrough\"><\/div><\/div><\/div>","protected":false},"excerpt":{"rendered":"<p>Le Maranta Lemon Lime s\u00e9duit par ses feuilles lumineuses vert et jaune qui se replient la nuit, apportant fra\u00eecheur et originalit\u00e9 \u00e0 votre int\u00e9rieur.<\/p>","protected":false},"featured_media":110780,"template":"","meta":[],"product_brand":[],"product_cat":[27],"product_tag":[],"class_list":{"0":"post-110731","1":"product","2":"type-product","3":"status-publish","4":"has-post-thumbnail","6":"product_cat-plantes","7":"product_shipping_class-petit","9":"first","10":"instock","11":"taxable","12":"shipping-taxable","13":"purchasable","14":"product-type-simple"},"yoast_head":"<!-- This site is optimized with the Yoast SEO plugin v27.3 - https:\/\/yoast.com\/product\/yoast-seo-wordpress\/ -->\n<title>MARANTA LEMON LIME - H\u00e9liophilia<\/title>\n<meta name=\"description\" content=\"Le Maranta Lemon Lime s\u00e9duit par ses feuilles lumineuses vert et jaune qui se replient la nuit, apportant fra\u00eecheur et originalit\u00e9 \u00e0 votre int\u00e9rieur.\u00a0\" \/>\n<meta name=\"robots\" content=\"index, follow, max-snippet:-1, max-image-preview:large, max-video-preview:-1\" \/>\n<link rel=\"canonical\" href=\"https:\/\/chezheliophilia.ca\/en\/produits\/maranta-lemon-lime\/\" \/>\n<meta property=\"og:locale\" content=\"en_US\" \/>\n<meta property=\"og:type\" content=\"article\" \/>\n<meta property=\"og:title\" content=\"MARANTA LEMON LIME - H\u00e9liophilia\" \/>\n<meta property=\"og:description\" content=\"Le Maranta Lemon Lime s\u00e9duit par ses feuilles lumineuses vert et jaune qui se replient la nuit, apportant fra\u00eecheur et originalit\u00e9 \u00e0 votre int\u00e9rieur.\u00a0\" \/>\n<meta property=\"og:url\" content=\"https:\/\/chezheliophilia.ca\/en\/produits\/maranta-lemon-lime\/\" \/>\n<meta property=\"og:site_name\" content=\"H\u00e9liophilia\" \/>\n<meta property=\"article:modified_time\" content=\"2026-03-01T05:57:35+00:00\" \/>\n<meta property=\"og:image\" content=\"https:\/\/chezheliophilia.ca\/wp-content\/uploads\/2025\/09\/IMG_3550-scaled.jpeg\" \/>\n\t<meta property=\"og:image:width\" content=\"1920\" \/>\n\t<meta property=\"og:image:height\" content=\"2560\" \/>\n\t<meta property=\"og:image:type\" content=\"image\/jpeg\" \/>\n<meta name=\"twitter:card\" content=\"summary_large_image\" \/>\n<meta name=\"twitter:label1\" content=\"Est. reading time\" \/>\n\t<meta name=\"twitter:data1\" content=\"1 minute\" \/>\n<script type=\"application\/ld+json\" class=\"yoast-schema-graph\">{\"@context\":\"https:\\\/\\\/schema.org\",\"@graph\":[{\"@type\":\"WebPage\",\"@id\":\"https:\\\/\\\/chezheliophilia.ca\\\/produits\\\/maranta-lemon-lime\\\/\",\"url\":\"https:\\\/\\\/chezheliophilia.ca\\\/produits\\\/maranta-lemon-lime\\\/\",\"name\":\"MARANTA LEMON LIME - H\u00e9liophilia\",\"isPartOf\":{\"@id\":\"https:\\\/\\\/chezheliophilia.ca\\\/#website\"},\"primaryImageOfPage\":{\"@id\":\"https:\\\/\\\/chezheliophilia.ca\\\/produits\\\/maranta-lemon-lime\\\/#primaryimage\"},\"image\":{\"@id\":\"https:\\\/\\\/chezheliophilia.ca\\\/produits\\\/maranta-lemon-lime\\\/#primaryimage\"},\"thumbnailUrl\":\"https:\\\/\\\/chezheliophilia.ca\\\/wp-content\\\/uploads\\\/2025\\\/09\\\/IMG_3550-scaled.jpeg\",\"datePublished\":\"2025-09-23T00:14:55+00:00\",\"dateModified\":\"2026-03-01T05:57:35+00:00\",\"description\":\"Le Maranta Lemon Lime s\u00e9duit par ses feuilles lumineuses vert et jaune qui se replient la nuit, apportant fra\u00eecheur et originalit\u00e9 \u00e0 votre int\u00e9rieur.\u00a0\",\"breadcrumb\":{\"@id\":\"https:\\\/\\\/chezheliophilia.ca\\\/produits\\\/maranta-lemon-lime\\\/#breadcrumb\"},\"inLanguage\":\"en-CA\",\"potentialAction\":[{\"@type\":\"ReadAction\",\"target\":[\"https:\\\/\\\/chezheliophilia.ca\\\/produits\\\/maranta-lemon-lime\\\/\"]}]},{\"@type\":\"ImageObject\",\"inLanguage\":\"en-CA\",\"@id\":\"https:\\\/\\\/chezheliophilia.ca\\\/produits\\\/maranta-lemon-lime\\\/#primaryimage\",\"url\":\"https:\\\/\\\/chezheliophilia.ca\\\/wp-content\\\/uploads\\\/2025\\\/09\\\/IMG_3550-scaled.jpeg\",\"contentUrl\":\"https:\\\/\\\/chezheliophilia.ca\\\/wp-content\\\/uploads\\\/2025\\\/09\\\/IMG_3550-scaled.jpeg\",\"width\":1920,\"height\":2560},{\"@type\":\"BreadcrumbList\",\"@id\":\"https:\\\/\\\/chezheliophilia.ca\\\/produits\\\/maranta-lemon-lime\\\/#breadcrumb\",\"itemListElement\":[{\"@type\":\"ListItem\",\"position\":1,\"name\":\"Home\",\"item\":\"https:\\\/\\\/chezheliophilia.ca\\\/\"},{\"@type\":\"ListItem\",\"position\":2,\"name\":\"Boutique\",\"item\":\"https:\\\/\\\/chezheliophilia.ca\\\/boutique\\\/\"},{\"@type\":\"ListItem\",\"position\":3,\"name\":\"MARANTA LEMON LIME\"}]},{\"@type\":\"WebSite\",\"@id\":\"https:\\\/\\\/chezheliophilia.ca\\\/#website\",\"url\":\"https:\\\/\\\/chezheliophilia.ca\\\/\",\"name\":\"H\u00e9liophilia\",\"description\":\"La nature entre quatre murs, sans compromis!\",\"potentialAction\":[{\"@type\":\"SearchAction\",\"target\":{\"@type\":\"EntryPoint\",\"urlTemplate\":\"https:\\\/\\\/chezheliophilia.ca\\\/?s={search_term_string}\"},\"query-input\":{\"@type\":\"PropertyValueSpecification\",\"valueRequired\":true,\"valueName\":\"search_term_string\"}}],\"inLanguage\":\"en-CA\"}]}<\/script>\n<!-- \/ Yoast SEO plugin. -->","yoast_head_json":{"title":"MARANTA LEMON LIME - H\u00e9liophilia","description":"Le Maranta Lemon Lime s\u00e9duit par ses feuilles lumineuses vert et jaune qui se replient la nuit, apportant fra\u00eecheur et originalit\u00e9 \u00e0 votre int\u00e9rieur.\u00a0","robots":{"index":"index","follow":"follow","max-snippet":"max-snippet:-1","max-image-preview":"max-image-preview:large","max-video-preview":"max-video-preview:-1"},"canonical":"https:\/\/chezheliophilia.ca\/en\/produits\/maranta-lemon-lime\/","og_locale":"en_US","og_type":"article","og_title":"MARANTA LEMON LIME - H\u00e9liophilia","og_description":"Le Maranta Lemon Lime s\u00e9duit par ses feuilles lumineuses vert et jaune qui se replient la nuit, apportant fra\u00eecheur et originalit\u00e9 \u00e0 votre int\u00e9rieur.\u00a0","og_url":"https:\/\/chezheliophilia.ca\/en\/produits\/maranta-lemon-lime\/","og_site_name":"H\u00e9liophilia","article_modified_time":"2026-03-01T05:57:35+00:00","og_image":[{"width":1920,"height":2560,"url":"https:\/\/chezheliophilia.ca\/wp-content\/uploads\/2025\/09\/IMG_3550-scaled.jpeg","type":"image\/jpeg"}],"twitter_card":"summary_large_image","twitter_misc":{"Est. reading time":"1 minute"},"schema":{"@context":"https:\/\/schema.org","@graph":[{"@type":"WebPage","@id":"https:\/\/chezheliophilia.ca\/produits\/maranta-lemon-lime\/","url":"https:\/\/chezheliophilia.ca\/produits\/maranta-lemon-lime\/","name":"MARANTA LEMON LIME - H\u00e9liophilia","isPartOf":{"@id":"https:\/\/chezheliophilia.ca\/#website"},"primaryImageOfPage":{"@id":"https:\/\/chezheliophilia.ca\/produits\/maranta-lemon-lime\/#primaryimage"},"image":{"@id":"https:\/\/chezheliophilia.ca\/produits\/maranta-lemon-lime\/#primaryimage"},"thumbnailUrl":"https:\/\/chezheliophilia.ca\/wp-content\/uploads\/2025\/09\/IMG_3550-scaled.jpeg","datePublished":"2025-09-23T00:14:55+00:00","dateModified":"2026-03-01T05:57:35+00:00","description":"Le Maranta Lemon Lime s\u00e9duit par ses feuilles lumineuses vert et jaune qui se replient la nuit, apportant fra\u00eecheur et originalit\u00e9 \u00e0 votre int\u00e9rieur.\u00a0","breadcrumb":{"@id":"https:\/\/chezheliophilia.ca\/produits\/maranta-lemon-lime\/#breadcrumb"},"inLanguage":"en-CA","potentialAction":[{"@type":"ReadAction","target":["https:\/\/chezheliophilia.ca\/produits\/maranta-lemon-lime\/"]}]},{"@type":"ImageObject","inLanguage":"en-CA","@id":"https:\/\/chezheliophilia.ca\/produits\/maranta-lemon-lime\/#primaryimage","url":"https:\/\/chezheliophilia.ca\/wp-content\/uploads\/2025\/09\/IMG_3550-scaled.jpeg","contentUrl":"https:\/\/chezheliophilia.ca\/wp-content\/uploads\/2025\/09\/IMG_3550-scaled.jpeg","width":1920,"height":2560},{"@type":"BreadcrumbList","@id":"https:\/\/chezheliophilia.ca\/produits\/maranta-lemon-lime\/#breadcrumb","itemListElement":[{"@type":"ListItem","position":1,"name":"Home","item":"https:\/\/chezheliophilia.ca\/"},{"@type":"ListItem","position":2,"name":"Boutique","item":"https:\/\/chezheliophilia.ca\/boutique\/"},{"@type":"ListItem","position":3,"name":"MARANTA LEMON LIME"}]},{"@type":"WebSite","@id":"https:\/\/chezheliophilia.ca\/#website","url":"https:\/\/chezheliophilia.ca\/","name":"H\u00e9liophilia","description":"La nature entre quatre murs, sans compromis!","potentialAction":[{"@type":"SearchAction","target":{"@type":"EntryPoint","urlTemplate":"https:\/\/chezheliophilia.ca\/?s={search_term_string}"},"query-input":{"@type":"PropertyValueSpecification","valueRequired":true,"valueName":"search_term_string"}}],"inLanguage":"en-CA"}]}},"_links":{"self":[{"href":"https:\/\/chezheliophilia.ca\/en\/wp-json\/wp\/v2\/product\/110731","targetHints":{"allow":["GET"]}}],"collection":[{"href":"https:\/\/chezheliophilia.ca\/en\/wp-json\/wp\/v2\/product"}],"about":[{"href":"https:\/\/chezheliophilia.ca\/en\/wp-json\/wp\/v2\/types\/product"}],"wp:featuredmedia":[{"embeddable":true,"href":"https:\/\/chezheliophilia.ca\/en\/wp-json\/wp\/v2\/media\/110780"}],"wp:attachment":[{"href":"https:\/\/chezheliophilia.ca\/en\/wp-json\/wp\/v2\/media?parent=110731"}],"wp:term":[{"taxonomy":"product_brand","embeddable":true,"href":"https:\/\/chezheliophilia.ca\/en\/wp-json\/wp\/v2\/product_brand?post=110731"},{"taxonomy":"product_cat","embeddable":true,"href":"https:\/\/chezheliophilia.ca\/en\/wp-json\/wp\/v2\/product_cat?post=110731"},{"taxonomy":"product_tag","embeddable":true,"href":"https:\/\/chezheliophilia.ca\/en\/wp-json\/wp\/v2\/product_tag?post=110731"}],"curies":[{"name":"wp","href":"https:\/\/api.w.org\/{rel}","templated":true}]}}